{"id":567,"date":"2022-12-14T09:16:51","date_gmt":"2022-12-14T08:16:51","guid":{"rendered":"https:\/\/octagon.swiss\/flex-office\/"},"modified":"2023-01-13T16:21:51","modified_gmt":"2023-01-13T15:21:51","slug":"flex-office","status":"publish","type":"page","link":"https:\/\/octagon.swiss\/en\/flex-office\/","title":{"rendered":"Flex office"},"content":{"rendered":"\n<div id=\"block_03f34b0e89b7632108480fbb8da7cd13\"  class=\"container \">\n\n    <div class=\"cols col_text-left\"><div class=\"col_img notalive\"><img loading=\"lazy\" decoding=\"async\" width=\"812\" height=\"1170\" src=\"https:\/\/octagon.swiss\/wp-content\/uploads\/2022\/12\/flex-1.jpg\" class=\"col_img-large\" alt=\"\" srcset=\"https:\/\/octagon.swiss\/wp-content\/uploads\/2022\/12\/flex-1.jpg 812w, https:\/\/octagon.swiss\/wp-content\/uploads\/2022\/12\/flex-1-208x300.jpg 208w, https:\/\/octagon.swiss\/wp-content\/uploads\/2022\/12\/flex-1-711x1024.jpg 711w, https:\/\/octagon.swiss\/wp-content\/uploads\/2022\/12\/flex-1-768x1107.jpg 768w\" sizes=\"auto, (max-width: 812px) 100vw, 812px\" \/><img loading=\"lazy\" decoding=\"async\" width=\"768\" height=\"768\" src=\"https:\/\/octagon.swiss\/wp-content\/uploads\/2022\/12\/flex-1-mob.jpg\" class=\"col_img-small\" alt=\"\" srcset=\"https:\/\/octagon.swiss\/wp-content\/uploads\/2022\/12\/flex-1-mob.jpg 768w, https:\/\/octagon.swiss\/wp-content\/uploads\/2022\/12\/flex-1-mob-300x300.jpg 300w, https:\/\/octagon.swiss\/wp-content\/uploads\/2022\/12\/flex-1-mob-150x150.jpg 150w\" sizes=\"auto, (max-width: 768px) 100vw, 768px\" \/><\/div><div class=\"col_text notalive col_text-bluedark\"><h2>Your offices,<br \/>\nready to use<\/h2>\n<p>Rent furnished offices quickly and freely. Through BmyB, choose a workspace adapted to<br \/>\nyour immediate needs. Enjoy a choice of private offices between 12m\u00b2 and 39m\u00b2.<\/p>\n<p>Flex Offices are ideal for freelancers or small and medium sized companies who need a<br \/>\nflexible workspace.<\/p>\n<p>Take advantage of the many services included\u00a0: furniture, a meeting room, domiciliation,<br \/>\ninternet and cleaning. As an option, you can also obtain a parking space or reception services.<\/p>\n<a href=\"https:\/\/www.bmyb.ch\/fr\/premium-chemin-du-pavillon.php\" target=\"_blank\" class=\"col_text-link\">See the offices <svg xmlns=\"http:\/\/www.w3.org\/2000\/svg\" viewBox=\"0 0 85.8 85\" class=\"octa_arrow\"><path class=\"cls-1\" d=\"m25.2,0h35l25.7,24.8v35.5l-25.7,24.7H25.2L0,60.3V24.8L25.2,0Z\"\/><g><g><line class=\"cls-2\" x1=\"61\" y1=\"42.4\" x2=\"24\" y2=\"42.4\"\/><path class=\"cls-2\" d=\"m45.1,29.1l16.7,13.3-16.7,13.5\"\/><\/g><g><line class=\"cls-2\" x1=\"61\" y1=\"42.4\" x2=\"24\" y2=\"42.4\"\/><path class=\"cls-2\" d=\"m45.1,29.1l16.7,13.3-16.7,13.5\"\/><\/g><\/g><g><g><polygon class=\"cls-2\" points=\"59.4 42.7 31.4 26.5 31.4 58.9 59.4 42.7\"\/><\/g><g><polygon class=\"cls-2\" points=\"59.4 42.7 31.4 26.5 31.4 58.9 59.4 42.7\"\/><\/g><\/g><\/svg><\/a><\/div><\/div>\n<\/div>\n\n\n<div id=\"block_c6e418c28d4e535d7d51842a43f09d4b\"  class=\"container container_gallery \">\n\n    \n        <div class=\"gallery\">\n\n            \n                <div class=\"gallery_item-wrapper\">\n                    <div class=\"gallery_item notalive\">\n                        <div class=\"gallery_img\">\n                            <img loading=\"lazy\" decoding=\"async\" width=\"674\" height=\"858\" src=\"https:\/\/octagon.swiss\/wp-content\/uploads\/2022\/12\/flex-4.jpg\" class=\"gallery_img-pic\" alt=\"\" srcset=\"https:\/\/octagon.swiss\/wp-content\/uploads\/2022\/12\/flex-4.jpg 674w, https:\/\/octagon.swiss\/wp-content\/uploads\/2022\/12\/flex-4-236x300.jpg 236w\" sizes=\"auto, (max-width: 674px) 100vw, 674px\" \/>                        <\/div>\n\n                        <div class=\"gallery_content\">\n                                <h3 class=\"gallery_content-title\">\n                                    Included services\n                                    <button class=\"gallery_content-btn\">\n                                        <svg class=\"gallery_content-svg\" xmlns=\"http:\/\/www.w3.org\/2000\/svg\" viewBox=\"0 0 52 52\">\n                                            <polygon class=\"cls-1\" points=\"36.4 1 15.6 1 1 15.6 1 36.4 15.6 51 36.4 51 51 36.4 51 15.6 36.4 1\"\/>\n                                        <\/svg>\n                                    <\/button>\n                                <\/h3>\n                                <div class=\"gallery_content-text\">\n                                    <ul>\n<li>Domiciliation<\/li>\n<li>Desks and chairs<\/li>\n<li>Meeting rooms<\/li>\n<li>Internet and electricity<\/li>\n<li>Cleaning and maintenance<\/li>\n<li>Usual costs<\/li>\n<\/ul>\n\n                                <\/div>\n                            <\/div>                    <\/div>\n                <\/div>\n                \n            \n                <div class=\"gallery_item-wrapper\">\n                    <div class=\"gallery_item notalive\">\n                        <div class=\"gallery_img\">\n                            <img loading=\"lazy\" decoding=\"async\" width=\"674\" height=\"858\" src=\"https:\/\/octagon.swiss\/wp-content\/uploads\/2022\/12\/flex-2.jpg\" class=\"gallery_img-pic\" alt=\"\" srcset=\"https:\/\/octagon.swiss\/wp-content\/uploads\/2022\/12\/flex-2.jpg 674w, https:\/\/octagon.swiss\/wp-content\/uploads\/2022\/12\/flex-2-236x300.jpg 236w\" sizes=\"auto, (max-width: 674px) 100vw, 674px\" \/>                        <\/div>\n\n                        <div class=\"gallery_content\">\n                                <h3 class=\"gallery_content-title\">\n                                    Optional services\n                                    <button class=\"gallery_content-btn\">\n                                        <svg class=\"gallery_content-svg\" xmlns=\"http:\/\/www.w3.org\/2000\/svg\" viewBox=\"0 0 52 52\">\n                                            <polygon class=\"cls-1\" points=\"36.4 1 15.6 1 1 15.6 1 36.4 15.6 51 36.4 51 51 36.4 51 15.6 36.4 1\"\/>\n                                        <\/svg>\n                                    <\/button>\n                                <\/h3>\n                                <div class=\"gallery_content-text\">\n                                    <ul>\n<li>Individual printer<\/li>\n<li>Client reception<\/li>\n<li>Parking<\/li>\n<\/ul>\n\n                                <\/div>\n                            <\/div>                    <\/div>\n                <\/div>\n                \n                        \n        <\/div>\n\n    \n<\/div>\n\n\n\n<div id=\"block_a346661bba48b8568c63501547d634c7\"  class=\"container_contact contact_flex \">\n\n    <div class=\"footer_top\">\n        <div class=\"container container_footer\">\n            <div class=\"footer_cols\">\n                <div class=\"footer_left\" id=\"contact\">\n                    <h2>Contact<\/h2>\n                    \n                    <div class=\"contact-form\">\n                        \n<div class=\"wpcf7 no-js\" id=\"wpcf7-f611-o1\" lang=\"en-US\" dir=\"ltr\" data-wpcf7-id=\"611\">\n<div class=\"screen-reader-response\"><p role=\"status\" aria-live=\"polite\" aria-atomic=\"true\"><\/p> <ul><\/ul><\/div>\n<form action=\"\/en\/wp-json\/wp\/v2\/pages\/567#wpcf7-f611-o1\" method=\"post\" class=\"wpcf7-form init\" aria-label=\"Contact form\" novalidate=\"novalidate\" data-status=\"init\">\n<fieldset class=\"hidden-fields-container\"><input type=\"hidden\" name=\"_wpcf7\" value=\"611\" \/><input type=\"hidden\" name=\"_wpcf7_version\" value=\"6.1.5\" \/><input type=\"hidden\" name=\"_wpcf7_locale\" value=\"en_US\" \/><input type=\"hidden\" name=\"_wpcf7_unit_tag\" value=\"wpcf7-f611-o1\" \/><input type=\"hidden\" name=\"_wpcf7_container_post\" value=\"0\" \/><input type=\"hidden\" name=\"_wpcf7_posted_data_hash\" value=\"\" \/><input type=\"hidden\" name=\"_wpcf7_recaptcha_response\" value=\"\" \/>\n<\/fieldset>\n<p><span class=\"wpcf7-form-control-wrap\" data-name=\"sexe\"><span class=\"wpcf7-form-control wpcf7-radio\"><span class=\"wpcf7-list-item first\"><label><input type=\"radio\" name=\"sexe\" value=\"Mrs.\" checked=\"checked\" \/><span class=\"wpcf7-list-item-label\">Mrs.<\/span><\/label><\/span><span class=\"wpcf7-list-item last\"><label><input type=\"radio\" name=\"sexe\" value=\"Mr.\" \/><span class=\"wpcf7-list-item-label\">Mr.<\/span><\/label><\/span><\/span><\/span>\n<\/p>\n<div class=\"form-fields\">\n\t<p><label><span class=\"wpcf7-form-control-wrap\" data-name=\"nom\"><input size=\"40\" maxlength=\"400\" class=\"wpcf7-form-control wpcf7-text wpcf7-validates-as-required\" aria-required=\"true\" aria-invalid=\"false\" placeholder=\"Last name*\" value=\"\" type=\"text\" name=\"nom\" \/><\/span> <\/label><label><span class=\"wpcf7-form-control-wrap\" data-name=\"prenom\"><input size=\"40\" maxlength=\"400\" class=\"wpcf7-form-control wpcf7-text wpcf7-validates-as-required\" aria-required=\"true\" aria-invalid=\"false\" placeholder=\"First name*\" value=\"\" type=\"text\" name=\"prenom\" \/><\/span> <\/label><label><span class=\"wpcf7-form-control-wrap\" data-name=\"email\"><input size=\"40\" maxlength=\"400\" class=\"wpcf7-form-control wpcf7-email wpcf7-validates-as-required wpcf7-text wpcf7-validates-as-email\" aria-required=\"true\" aria-invalid=\"false\" placeholder=\"Email*\" value=\"\" type=\"email\" name=\"email\" \/><\/span> <\/label><label><span class=\"wpcf7-form-control-wrap\" data-name=\"tel-729\"><input size=\"40\" maxlength=\"400\" class=\"wpcf7-form-control wpcf7-tel wpcf7-text wpcf7-validates-as-tel\" aria-invalid=\"false\" placeholder=\"Phone*\" value=\"\" type=\"tel\" name=\"tel-729\" \/><\/span> <\/label><label><span class=\"wpcf7-form-control-wrap\" data-name=\"societe\"><input size=\"40\" maxlength=\"400\" class=\"wpcf7-form-control wpcf7-text wpcf7-validates-as-required\" aria-required=\"true\" aria-invalid=\"false\" placeholder=\"Company*\" value=\"\" type=\"text\" name=\"societe\" \/><\/span> <\/label><label><span class=\"wpcf7-form-control-wrap\" data-name=\"surface\"><input class=\"wpcf7-form-control wpcf7-number wpcf7-validates-as-number\" aria-invalid=\"false\" placeholder=\"Desired area (m\u00b2)*\" value=\"\" type=\"number\" name=\"surface\" \/><\/span> <\/label>\n\t<\/p>\n<\/div>\n<p><label> Message <span class=\"wpcf7-form-control-wrap\" data-name=\"message\"><textarea cols=\"40\" rows=\"10\" maxlength=\"2000\" class=\"wpcf7-form-control wpcf7-textarea\" aria-invalid=\"false\" name=\"message\"><\/textarea><\/span> <\/label><br \/>\n<span class=\"valid_form\"><input class=\"wpcf7-form-control wpcf7-submit has-spinner\" type=\"submit\" value=\"Send\" \/><\/span>\n<\/p><div class=\"wpcf7-response-output\" aria-hidden=\"true\"><\/div>\n<\/form>\n<\/div>\n\n                    <\/div>\n                <\/div>\n                <div class=\"footer_right\">\n                    <p><img loading=\"lazy\" decoding=\"async\" class=\"alignnone wp-image-81\" role=\"img\" src=\"http:\/\/octagon.swiss\/wp-content\/uploads\/2022\/12\/logo-octagon-white.svg\" alt=\"\" width=\"550\" height=\"219\" \/><\/p>\n<p>&nbsp;<\/p>\n<p><img loading=\"lazy\" decoding=\"async\" class=\"alignnone size-medium wp-image-243\" src=\"http:\/\/octagon.swiss\/wp-content\/uploads\/2023\/01\/bmyb_header_orange-300x87.png\" alt=\"\" width=\"300\" height=\"87\" srcset=\"https:\/\/octagon.swiss\/wp-content\/uploads\/2023\/01\/bmyb_header_orange-300x87.png 300w, https:\/\/octagon.swiss\/wp-content\/uploads\/2023\/01\/bmyb_header_orange-1024x298.png 1024w, https:\/\/octagon.swiss\/wp-content\/uploads\/2023\/01\/bmyb_header_orange-768x224.png 768w, https:\/\/octagon.swiss\/wp-content\/uploads\/2023\/01\/bmyb_header_orange.png 1096w\" sizes=\"auto, (max-width: 300px) 100vw, 300px\" \/><\/p>\n<p>&nbsp;<\/p>\n<h3 style=\"text-align: right;\">Contact<\/h3>\n<p style=\"text-align: right;\"><strong>Teo Suter<\/strong><br \/>\nSurface broker<br \/>\nflexible business<\/p>\n<p style=\"text-align: right;\">+41 22 342 41 93<br \/>\n+41 78 218 98 00<\/p>\n<p style=\"text-align: right;\"><a href=\"mailto:t.suter@bmyb.ch\">t.suter@bmyb.ch<\/a><\/p>\n                <\/div>\n            <\/div>\n        <\/div>\n    <\/div>\n\n<\/div>","protected":false},"excerpt":{"rendered":"","protected":false},"author":1,"featured_media":0,"parent":0,"menu_order":0,"comment_status":"closed","ping_status":"closed","template":"","meta":{"_acf_changed":false,"footnotes":""},"class_list":["post-567","page","type-page","status-publish","hentry"],"acf":[],"yoast_head":"<!-- This site is optimized with the Yoast SEO plugin v27.3 - https:\/\/yoast.com\/product\/yoast-seo-wordpress\/ -->\n<title>Octagon - Flex office<\/title>\n<meta name=\"description\" content=\"Louez rapidement des bureaux meubl\u00e9s en toute libert\u00e9. \u00c0 travers BmyB, choisissez un espace de travail privatis\u00e9 pour une courte ou une longue dur\u00e9e.\" \/>\n<meta name=\"robots\" content=\"index, follow, max-snippet:-1, max-image-preview:large, max-video-preview:-1\" \/>\n<link rel=\"canonical\" href=\"https:\/\/octagon.swiss\/en\/flex-office\/\" \/>\n<meta property=\"og:locale\" content=\"en_US\" \/>\n<meta property=\"og:type\" content=\"article\" \/>\n<meta property=\"og:title\" content=\"Octagon - Flex office\" \/>\n<meta property=\"og:description\" content=\"Louez rapidement des bureaux meubl\u00e9s en toute libert\u00e9. \u00c0 travers BmyB, choisissez un espace de travail privatis\u00e9 pour une courte ou une longue dur\u00e9e.\" \/>\n<meta property=\"og:url\" content=\"https:\/\/octagon.swiss\/en\/flex-office\/\" \/>\n<meta property=\"og:site_name\" content=\"Octagon\" \/>\n<meta property=\"article:modified_time\" content=\"2023-01-13T15:21:51+00:00\" \/>\n<meta name=\"twitter:card\" content=\"summary_large_image\" \/>\n<script type=\"application\/ld+json\" class=\"yoast-schema-graph\">{\"@context\":\"https:\\\/\\\/schema.org\",\"@graph\":[{\"@type\":\"WebPage\",\"@id\":\"https:\\\/\\\/octagon.swiss\\\/en\\\/flex-office\\\/\",\"url\":\"https:\\\/\\\/octagon.swiss\\\/en\\\/flex-office\\\/\",\"name\":\"Octagon - Flex office\",\"isPartOf\":{\"@id\":\"https:\\\/\\\/octagon.swiss\\\/en\\\/#website\"},\"datePublished\":\"2022-12-14T08:16:51+00:00\",\"dateModified\":\"2023-01-13T15:21:51+00:00\",\"description\":\"Louez rapidement des bureaux meubl\u00e9s en toute libert\u00e9. \u00c0 travers BmyB, choisissez un espace de travail privatis\u00e9 pour une courte ou une longue dur\u00e9e.\",\"breadcrumb\":{\"@id\":\"https:\\\/\\\/octagon.swiss\\\/en\\\/flex-office\\\/#breadcrumb\"},\"inLanguage\":\"en-US\",\"potentialAction\":[{\"@type\":\"ReadAction\",\"target\":[\"https:\\\/\\\/octagon.swiss\\\/en\\\/flex-office\\\/\"]}]},{\"@type\":\"BreadcrumbList\",\"@id\":\"https:\\\/\\\/octagon.swiss\\\/en\\\/flex-office\\\/#breadcrumb\",\"itemListElement\":[{\"@type\":\"ListItem\",\"position\":1,\"name\":\"Home\",\"item\":\"https:\\\/\\\/octagon.swiss\\\/en\\\/\"},{\"@type\":\"ListItem\",\"position\":2,\"name\":\"Flex office\"}]},{\"@type\":\"WebSite\",\"@id\":\"https:\\\/\\\/octagon.swiss\\\/en\\\/#website\",\"url\":\"https:\\\/\\\/octagon.swiss\\\/en\\\/\",\"name\":\"Octagon\",\"description\":\"\",\"potentialAction\":[{\"@type\":\"SearchAction\",\"target\":{\"@type\":\"EntryPoint\",\"urlTemplate\":\"https:\\\/\\\/octagon.swiss\\\/en\\\/?s={search_term_string}\"},\"query-input\":{\"@type\":\"PropertyValueSpecification\",\"valueRequired\":true,\"valueName\":\"search_term_string\"}}],\"inLanguage\":\"en-US\"}]}<\/script>\n<!-- \/ Yoast SEO plugin. -->","yoast_head_json":{"title":"Octagon - Flex office","description":"Louez rapidement des bureaux meubl\u00e9s en toute libert\u00e9. \u00c0 travers BmyB, choisissez un espace de travail privatis\u00e9 pour une courte ou une longue dur\u00e9e.","robots":{"index":"index","follow":"follow","max-snippet":"max-snippet:-1","max-image-preview":"max-image-preview:large","max-video-preview":"max-video-preview:-1"},"canonical":"https:\/\/octagon.swiss\/en\/flex-office\/","og_locale":"en_US","og_type":"article","og_title":"Octagon - Flex office","og_description":"Louez rapidement des bureaux meubl\u00e9s en toute libert\u00e9. \u00c0 travers BmyB, choisissez un espace de travail privatis\u00e9 pour une courte ou une longue dur\u00e9e.","og_url":"https:\/\/octagon.swiss\/en\/flex-office\/","og_site_name":"Octagon","article_modified_time":"2023-01-13T15:21:51+00:00","twitter_card":"summary_large_image","schema":{"@context":"https:\/\/schema.org","@graph":[{"@type":"WebPage","@id":"https:\/\/octagon.swiss\/en\/flex-office\/","url":"https:\/\/octagon.swiss\/en\/flex-office\/","name":"Octagon - Flex office","isPartOf":{"@id":"https:\/\/octagon.swiss\/en\/#website"},"datePublished":"2022-12-14T08:16:51+00:00","dateModified":"2023-01-13T15:21:51+00:00","description":"Louez rapidement des bureaux meubl\u00e9s en toute libert\u00e9. \u00c0 travers BmyB, choisissez un espace de travail privatis\u00e9 pour une courte ou une longue dur\u00e9e.","breadcrumb":{"@id":"https:\/\/octagon.swiss\/en\/flex-office\/#breadcrumb"},"inLanguage":"en-US","potentialAction":[{"@type":"ReadAction","target":["https:\/\/octagon.swiss\/en\/flex-office\/"]}]},{"@type":"BreadcrumbList","@id":"https:\/\/octagon.swiss\/en\/flex-office\/#breadcrumb","itemListElement":[{"@type":"ListItem","position":1,"name":"Home","item":"https:\/\/octagon.swiss\/en\/"},{"@type":"ListItem","position":2,"name":"Flex office"}]},{"@type":"WebSite","@id":"https:\/\/octagon.swiss\/en\/#website","url":"https:\/\/octagon.swiss\/en\/","name":"Octagon","description":"","potentialAction":[{"@type":"SearchAction","target":{"@type":"EntryPoint","urlTemplate":"https:\/\/octagon.swiss\/en\/?s={search_term_string}"},"query-input":{"@type":"PropertyValueSpecification","valueRequired":true,"valueName":"search_term_string"}}],"inLanguage":"en-US"}]}},"_links":{"self":[{"href":"https:\/\/octagon.swiss\/en\/wp-json\/wp\/v2\/pages\/567","targetHints":{"allow":["GET"]}}],"collection":[{"href":"https:\/\/octagon.swiss\/en\/wp-json\/wp\/v2\/pages"}],"about":[{"href":"https:\/\/octagon.swiss\/en\/wp-json\/wp\/v2\/types\/page"}],"author":[{"embeddable":true,"href":"https:\/\/octagon.swiss\/en\/wp-json\/wp\/v2\/users\/1"}],"replies":[{"embeddable":true,"href":"https:\/\/octagon.swiss\/en\/wp-json\/wp\/v2\/comments?post=567"}],"version-history":[{"count":3,"href":"https:\/\/octagon.swiss\/en\/wp-json\/wp\/v2\/pages\/567\/revisions"}],"predecessor-version":[{"id":608,"href":"https:\/\/octagon.swiss\/en\/wp-json\/wp\/v2\/pages\/567\/revisions\/608"}],"wp:attachment":[{"href":"https:\/\/octagon.swiss\/en\/wp-json\/wp\/v2\/media?parent=567"}],"curies":[{"name":"wp","href":"https:\/\/api.w.org\/{rel}","templated":true}]}}