{"id":574,"date":"2022-12-12T17:03:46","date_gmt":"2022-12-12T16:03:46","guid":{"rendered":"https:\/\/octagon.swiss\/services\/"},"modified":"2023-01-13T16:13:24","modified_gmt":"2023-01-13T15:13:24","slug":"services","status":"publish","type":"page","link":"https:\/\/octagon.swiss\/en\/services\/","title":{"rendered":"Services"},"content":{"rendered":"\n<div id=\"block_2cdd3b42240a25a89268d65c4e328976\"  class=\"container \">\n\n    <div class=\"cols col_text-right\"><div class=\"col_img notalive\"><img loading=\"lazy\" decoding=\"async\" width=\"812\" height=\"1170\" src=\"https:\/\/octagon.swiss\/wp-content\/uploads\/2022\/12\/img6.jpg\" class=\"col_img-large\" alt=\"\" srcset=\"https:\/\/octagon.swiss\/wp-content\/uploads\/2022\/12\/img6.jpg 812w, https:\/\/octagon.swiss\/wp-content\/uploads\/2022\/12\/img6-208x300.jpg 208w, https:\/\/octagon.swiss\/wp-content\/uploads\/2022\/12\/img6-711x1024.jpg 711w, https:\/\/octagon.swiss\/wp-content\/uploads\/2022\/12\/img6-768x1107.jpg 768w\" sizes=\"auto, (max-width: 812px) 100vw, 812px\" \/><img loading=\"lazy\" decoding=\"async\" width=\"768\" height=\"768\" src=\"https:\/\/octagon.swiss\/wp-content\/uploads\/2022\/12\/img6-mob.jpg\" class=\"col_img-small\" alt=\"\" srcset=\"https:\/\/octagon.swiss\/wp-content\/uploads\/2022\/12\/img6-mob.jpg 768w, https:\/\/octagon.swiss\/wp-content\/uploads\/2022\/12\/img6-mob-300x300.jpg 300w, https:\/\/octagon.swiss\/wp-content\/uploads\/2022\/12\/img6-mob-150x150.jpg 150w\" sizes=\"auto, (max-width: 768px) 100vw, 768px\" \/><\/div><div class=\"col_text notalive col_text-bluedark\"><h2>From the coffee lounge<br \/>\nto the data center<\/h2>\n<p>Octagon offers you more than just workspace. All the services you need for your business are<br \/>\navailable on site.<\/p>\n<p>In addition to your office, you have access to parking, meeting rooms, a reception, an<br \/>\nauditorium, a restaurant with a terrace, a gym, facility services and storage areas, among<br \/>\nothers.<\/p>\n<p>Find out more about all the services on site and contact us to arrange a visit.<\/p>\n<a href=\"#contact\" target=\"\" class=\"col_text-link\">Contact <svg xmlns=\"http:\/\/www.w3.org\/2000\/svg\" viewBox=\"0 0 85.8 85\" class=\"octa_arrow\"><path class=\"cls-1\" d=\"m25.2,0h35l25.7,24.8v35.5l-25.7,24.7H25.2L0,60.3V24.8L25.2,0Z\"\/><g><g><line class=\"cls-2\" x1=\"61\" y1=\"42.4\" x2=\"24\" y2=\"42.4\"\/><path class=\"cls-2\" d=\"m45.1,29.1l16.7,13.3-16.7,13.5\"\/><\/g><g><line class=\"cls-2\" x1=\"61\" y1=\"42.4\" x2=\"24\" y2=\"42.4\"\/><path class=\"cls-2\" d=\"m45.1,29.1l16.7,13.3-16.7,13.5\"\/><\/g><\/g><g><g><polygon class=\"cls-2\" points=\"59.4 42.7 31.4 26.5 31.4 58.9 59.4 42.7\"\/><\/g><g><polygon class=\"cls-2\" points=\"59.4 42.7 31.4 26.5 31.4 58.9 59.4 42.7\"\/><\/g><\/g><\/svg><\/a><\/div><\/div>\n<\/div>\n\n\n<div id=\"block_7d662ffc1237bcea0352b7db63120f2a\"  class=\"container container_gallery \">\n\n    \n        <div class=\"gallery\">\n\n            \n                <div class=\"gallery_item-wrapper\">\n                    <div class=\"gallery_item notalive\">\n                        <div class=\"gallery_img\">\n                            <img loading=\"lazy\" decoding=\"async\" width=\"674\" height=\"858\" src=\"https:\/\/octagon.swiss\/wp-content\/uploads\/2022\/12\/gallery-1-a.jpg\" class=\"gallery_img-pic\" alt=\"\" srcset=\"https:\/\/octagon.swiss\/wp-content\/uploads\/2022\/12\/gallery-1-a.jpg 674w, https:\/\/octagon.swiss\/wp-content\/uploads\/2022\/12\/gallery-1-a-236x300.jpg 236w\" sizes=\"auto, (max-width: 674px) 100vw, 674px\" \/>                        <\/div>\n\n                        <div class=\"gallery_content\">\n                                <h3 class=\"gallery_content-title\">\n                                    Restauration\n                                    <button class=\"gallery_content-btn\">\n                                        <svg class=\"gallery_content-svg\" xmlns=\"http:\/\/www.w3.org\/2000\/svg\" viewBox=\"0 0 52 52\">\n                                            <polygon class=\"cls-1\" points=\"36.4 1 15.6 1 1 15.6 1 36.4 15.6 51 36.4 51 51 36.4 51 15.6 36.4 1\"\/>\n                                        <\/svg>\n                                    <\/button>\n                                <\/h3>\n                                <div class=\"gallery_content-text\">\n                                    <ul>\n<li>Restaurant 260 seats<\/li>\n<li>Terrace and garden<\/li>\n<li>Buffet and Steak house<\/li>\n<li>Coffee lounge<\/li>\n<li>Afterwork<\/li>\n<li>Catering service<\/li>\n<li>Private events<\/li>\n<li>Local products (GRTA)<\/li>\n<li><a href=\"https:\/\/octagon.genecand.ch\/\" target=\"_blank\" rel=\"noopener\">Management by Genecand<\/a><\/li>\n<\/ul>\n\n                                <\/div>\n                            <\/div>                    <\/div>\n                <\/div>\n                \n            \n                <div class=\"gallery_item-wrapper\">\n                    <div class=\"gallery_item notalive\">\n                        <div class=\"gallery_img\">\n                            <img loading=\"lazy\" decoding=\"async\" width=\"674\" height=\"858\" src=\"https:\/\/octagon.swiss\/wp-content\/uploads\/2022\/12\/gallery-2.jpg\" class=\"gallery_img-pic\" alt=\"\" srcset=\"https:\/\/octagon.swiss\/wp-content\/uploads\/2022\/12\/gallery-2.jpg 674w, https:\/\/octagon.swiss\/wp-content\/uploads\/2022\/12\/gallery-2-236x300.jpg 236w\" sizes=\"auto, (max-width: 674px) 100vw, 674px\" \/>                        <\/div>\n\n                        <div class=\"gallery_content\">\n                                <h3 class=\"gallery_content-title\">\n                                    Centre de conf\u00e9rence\n                                    <button class=\"gallery_content-btn\">\n                                        <svg class=\"gallery_content-svg\" xmlns=\"http:\/\/www.w3.org\/2000\/svg\" viewBox=\"0 0 52 52\">\n                                            <polygon class=\"cls-1\" points=\"36.4 1 15.6 1 1 15.6 1 36.4 15.6 51 36.4 51 51 36.4 51 15.6 36.4 1\"\/>\n                                        <\/svg>\n                                    <\/button>\n                                <\/h3>\n                                <div class=\"gallery_content-text\">\n                                    <ul>\n<li>Auditorium 110 seats<\/li>\n<li>Meeting rooms from 5 to 30 seats<\/li>\n<li>Technical support<\/li>\n<li>Rental on demand<\/li>\n<li>Reception area<\/li>\n<li>Catering service<\/li>\n<\/ul>\n\n                                <\/div>\n                            <\/div>                    <\/div>\n                <\/div>\n                \n            \n                <div class=\"gallery_item-wrapper\">\n                    <div class=\"gallery_item notalive\">\n                        <div class=\"gallery_img\">\n                            <img loading=\"lazy\" decoding=\"async\" width=\"674\" height=\"858\" src=\"https:\/\/octagon.swiss\/wp-content\/uploads\/2022\/12\/gallery-3.jpg\" class=\"gallery_img-pic\" alt=\"\" srcset=\"https:\/\/octagon.swiss\/wp-content\/uploads\/2022\/12\/gallery-3.jpg 674w, https:\/\/octagon.swiss\/wp-content\/uploads\/2022\/12\/gallery-3-236x300.jpg 236w\" sizes=\"auto, (max-width: 674px) 100vw, 674px\" \/>                        <\/div>\n\n                        <div class=\"gallery_content\">\n                                <h3 class=\"gallery_content-title\">\n                                    Sport\n                                    <button class=\"gallery_content-btn\">\n                                        <svg class=\"gallery_content-svg\" xmlns=\"http:\/\/www.w3.org\/2000\/svg\" viewBox=\"0 0 52 52\">\n                                            <polygon class=\"cls-1\" points=\"36.4 1 15.6 1 1 15.6 1 36.4 15.6 51 36.4 51 51 36.4 51 15.6 36.4 1\"\/>\n                                        <\/svg>\n                                    <\/button>\n                                <\/h3>\n                                <div class=\"gallery_content-text\">\n                                    <ul>\n<li>Fitness with suscription<\/li>\n<li>Group and private classes<\/li>\n<li>Free access to showers and changing rooms<\/li>\n<li>Sports centre 500m away<\/li>\n<li>Running routes<\/li>\n<li>Covered bicycle parking<\/li>\n<\/ul>\n\n                                <\/div>\n                            <\/div>                    <\/div>\n                <\/div>\n                \n            \n                <div class=\"gallery_item-wrapper\">\n                    <div class=\"gallery_item notalive\">\n                        <div class=\"gallery_img\">\n                            <img loading=\"lazy\" decoding=\"async\" width=\"674\" height=\"858\" src=\"https:\/\/octagon.swiss\/wp-content\/uploads\/2022\/12\/gallery-4.jpg\" class=\"gallery_img-pic\" alt=\"\" srcset=\"https:\/\/octagon.swiss\/wp-content\/uploads\/2022\/12\/gallery-4.jpg 674w, https:\/\/octagon.swiss\/wp-content\/uploads\/2022\/12\/gallery-4-236x300.jpg 236w\" sizes=\"auto, (max-width: 674px) 100vw, 674px\" \/>                        <\/div>\n\n                        <div class=\"gallery_content\">\n                                <h3 class=\"gallery_content-title\">\n                                    Mobility\n                                    <button class=\"gallery_content-btn\">\n                                        <svg class=\"gallery_content-svg\" xmlns=\"http:\/\/www.w3.org\/2000\/svg\" viewBox=\"0 0 52 52\">\n                                            <polygon class=\"cls-1\" points=\"36.4 1 15.6 1 1 15.6 1 36.4 15.6 51 36.4 51 51 36.4 51 15.6 36.4 1\"\/>\n                                        <\/svg>\n                                    <\/button>\n                                <\/h3>\n                                <div class=\"gallery_content-text\">\n                                    <ul>\n<li>TPG stops nearby<\/li>\n<li>600 parking spaces<\/li>\n<li>Electric charging stations<\/li>\n<li>Bicycle and visitor parking<\/li>\n<li>15 minutes walk from the airport<\/li>\n<\/ul>\n\n                                <\/div>\n                            <\/div>                    <\/div>\n                <\/div>\n                \n            \n                <div class=\"gallery_item-wrapper\">\n                    <div class=\"gallery_item notalive\">\n                        <div class=\"gallery_img\">\n                            <img loading=\"lazy\" decoding=\"async\" width=\"700\" height=\"900\" src=\"https:\/\/octagon.swiss\/wp-content\/uploads\/2023\/01\/sven-mieke-Zj6bUfkThFM-unsplash.jpg\" class=\"gallery_img-pic\" alt=\"\" srcset=\"https:\/\/octagon.swiss\/wp-content\/uploads\/2023\/01\/sven-mieke-Zj6bUfkThFM-unsplash.jpg 700w, https:\/\/octagon.swiss\/wp-content\/uploads\/2023\/01\/sven-mieke-Zj6bUfkThFM-unsplash-233x300.jpg 233w\" sizes=\"auto, (max-width: 700px) 100vw, 700px\" \/>                        <\/div>\n\n                        <div class=\"gallery_content\">\n                                <h3 class=\"gallery_content-title\">\n                                    Logistics\n                                    <button class=\"gallery_content-btn\">\n                                        <svg class=\"gallery_content-svg\" xmlns=\"http:\/\/www.w3.org\/2000\/svg\" viewBox=\"0 0 52 52\">\n                                            <polygon class=\"cls-1\" points=\"36.4 1 15.6 1 1 15.6 1 36.4 15.6 51 36.4 51 51 36.4 51 15.6 36.4 1\"\/>\n                                        <\/svg>\n                                    <\/button>\n                                <\/h3>\n                                <div class=\"gallery_content-text\">\n                                    <ul>\n<li>Reception service<\/li>\n<li>On site facility management<\/li>\n<li>Storage areas<\/li>\n<li>Unloading dock<\/li>\n<li>Delivery access<\/li>\n<\/ul>\n\n                                <\/div>\n                            <\/div>                    <\/div>\n                <\/div>\n                \n            \n                <div class=\"gallery_item-wrapper\">\n                    <div class=\"gallery_item notalive\">\n                        <div class=\"gallery_img\">\n                            <img loading=\"lazy\" decoding=\"async\" width=\"674\" height=\"858\" src=\"https:\/\/octagon.swiss\/wp-content\/uploads\/2022\/12\/gallery-6.jpg\" class=\"gallery_img-pic\" alt=\"\" srcset=\"https:\/\/octagon.swiss\/wp-content\/uploads\/2022\/12\/gallery-6.jpg 674w, https:\/\/octagon.swiss\/wp-content\/uploads\/2022\/12\/gallery-6-236x300.jpg 236w\" sizes=\"auto, (max-width: 674px) 100vw, 674px\" \/>                        <\/div>\n\n                        <div class=\"gallery_content\">\n                                <h3 class=\"gallery_content-title\">\n                                    Digital\n                                    <button class=\"gallery_content-btn\">\n                                        <svg class=\"gallery_content-svg\" xmlns=\"http:\/\/www.w3.org\/2000\/svg\" viewBox=\"0 0 52 52\">\n                                            <polygon class=\"cls-1\" points=\"36.4 1 15.6 1 1 15.6 1 36.4 15.6 51 36.4 51 51 36.4 51 15.6 36.4 1\"\/>\n                                        <\/svg>\n                                    <\/button>\n                                <\/h3>\n                                <div class=\"gallery_content-text\">\n                                    <ul>\n<li>Connected offices<\/li>\n<li>Wifi and optic fibre<\/li>\n<li>Secured data center<\/li>\n<li><a href=\"https:\/\/octagon.swiss\/en\/flex-office\/\">Flex Office offer<\/a><\/li>\n<\/ul>\n\n                                <\/div>\n                            <\/div>                    <\/div>\n                <\/div>\n                \n            \n                <div class=\"gallery_item-wrapper\">\n                    <div class=\"gallery_item notalive\">\n                        <div class=\"gallery_img\">\n                            <img loading=\"lazy\" decoding=\"async\" width=\"674\" height=\"858\" src=\"https:\/\/octagon.swiss\/wp-content\/uploads\/2022\/12\/gallery-7.jpg\" class=\"gallery_img-pic\" alt=\"\" srcset=\"https:\/\/octagon.swiss\/wp-content\/uploads\/2022\/12\/gallery-7.jpg 674w, https:\/\/octagon.swiss\/wp-content\/uploads\/2022\/12\/gallery-7-236x300.jpg 236w\" sizes=\"auto, (max-width: 674px) 100vw, 674px\" \/>                        <\/div>\n\n                        <div class=\"gallery_content\">\n                                <h3 class=\"gallery_content-title\">\n                                    Sustainability\n                                    <button class=\"gallery_content-btn\">\n                                        <svg class=\"gallery_content-svg\" xmlns=\"http:\/\/www.w3.org\/2000\/svg\" viewBox=\"0 0 52 52\">\n                                            <polygon class=\"cls-1\" points=\"36.4 1 15.6 1 1 15.6 1 36.4 15.6 51 36.4 51 51 36.4 51 15.6 36.4 1\"\/>\n                                        <\/svg>\n                                    <\/button>\n                                <\/h3>\n                                <div class=\"gallery_content-text\">\n                                    <ul>\n<li>Solar panels and energy enovations<\/li>\n<li>Restaurant with local products (GRTA)<\/li>\n<li>Promotion of soft mobility<\/li>\n<li>Collaboration with the company <a href=\"https:\/\/enerdrape.com\/\" target=\"_blank\" rel=\"noopener\">Enerdrape<\/a><\/li>\n<li><a href=\"https:\/\/www.realstone.ch\/fr\/1074\/RAPPORT-DE-DURABILITE\" target=\"_blank\" rel=\"noopener\">Realstone&#8217;s commitment to sustainability<\/a><\/li>\n<\/ul>\n\n                                <\/div>\n                            <\/div>                    <\/div>\n                <\/div>\n                \n                        \n        <\/div>\n\n    \n<\/div>\n\n\n\n<div id=\"block_02bf8e00b757f214dedf39f8a51f864b\"  class=\"container_contact \">\n\n    <div class=\"footer_top\">\n        <div class=\"container container_footer\">\n            <div class=\"footer_cols\">\n                <div class=\"footer_left\" id=\"contact\">\n                    <h2>Contact<\/h2>\n                    \n                    <div class=\"contact-form\">\n                        \n<div class=\"wpcf7 no-js\" id=\"wpcf7-f610-o1\" lang=\"en-US\" dir=\"ltr\" data-wpcf7-id=\"610\">\n<div class=\"screen-reader-response\"><p role=\"status\" aria-live=\"polite\" aria-atomic=\"true\"><\/p> <ul><\/ul><\/div>\n<form action=\"\/en\/wp-json\/wp\/v2\/pages\/574#wpcf7-f610-o1\" method=\"post\" class=\"wpcf7-form init\" aria-label=\"Contact form\" novalidate=\"novalidate\" data-status=\"init\">\n<fieldset class=\"hidden-fields-container\"><input type=\"hidden\" name=\"_wpcf7\" value=\"610\" \/><input type=\"hidden\" name=\"_wpcf7_version\" value=\"6.1.5\" \/><input type=\"hidden\" name=\"_wpcf7_locale\" value=\"en_US\" \/><input type=\"hidden\" name=\"_wpcf7_unit_tag\" value=\"wpcf7-f610-o1\" \/><input type=\"hidden\" name=\"_wpcf7_container_post\" value=\"0\" \/><input type=\"hidden\" name=\"_wpcf7_posted_data_hash\" value=\"\" \/><input type=\"hidden\" name=\"_wpcf7_recaptcha_response\" value=\"\" \/>\n<\/fieldset>\n<p><span class=\"wpcf7-form-control-wrap\" data-name=\"sexe\"><span class=\"wpcf7-form-control wpcf7-radio\"><span class=\"wpcf7-list-item first\"><label><input type=\"radio\" name=\"sexe\" value=\"Mrs.\" checked=\"checked\" \/><span class=\"wpcf7-list-item-label\">Mrs.<\/span><\/label><\/span><span class=\"wpcf7-list-item last\"><label><input type=\"radio\" name=\"sexe\" value=\"Mr.\" \/><span class=\"wpcf7-list-item-label\">Mr.<\/span><\/label><\/span><\/span><\/span>\n<\/p>\n<div class=\"form-fields\">\n\t<p><label><span class=\"wpcf7-form-control-wrap\" data-name=\"nom\"><input size=\"40\" maxlength=\"400\" class=\"wpcf7-form-control wpcf7-text wpcf7-validates-as-required\" aria-required=\"true\" aria-invalid=\"false\" placeholder=\"Last name*\" value=\"\" type=\"text\" name=\"nom\" \/><\/span> <\/label><label><span class=\"wpcf7-form-control-wrap\" data-name=\"prenom\"><input size=\"40\" maxlength=\"400\" class=\"wpcf7-form-control wpcf7-text wpcf7-validates-as-required\" aria-required=\"true\" aria-invalid=\"false\" placeholder=\"First name*\" value=\"\" type=\"text\" name=\"prenom\" \/><\/span> <\/label><label><span class=\"wpcf7-form-control-wrap\" data-name=\"email\"><input size=\"40\" maxlength=\"400\" class=\"wpcf7-form-control wpcf7-email wpcf7-validates-as-required wpcf7-text wpcf7-validates-as-email\" aria-required=\"true\" aria-invalid=\"false\" placeholder=\"Email*\" value=\"\" type=\"email\" name=\"email\" \/><\/span> <\/label><label><span class=\"wpcf7-form-control-wrap\" data-name=\"tel-729\"><input size=\"40\" maxlength=\"400\" class=\"wpcf7-form-control wpcf7-tel wpcf7-text wpcf7-validates-as-tel\" aria-invalid=\"false\" placeholder=\"Phone*\" value=\"\" type=\"tel\" name=\"tel-729\" \/><\/span> <\/label><label><span class=\"wpcf7-form-control-wrap\" data-name=\"societe\"><input size=\"40\" maxlength=\"400\" class=\"wpcf7-form-control wpcf7-text wpcf7-validates-as-required\" aria-required=\"true\" aria-invalid=\"false\" placeholder=\"Company*\" value=\"\" type=\"text\" name=\"societe\" \/><\/span> <\/label><label><span class=\"wpcf7-form-control-wrap\" data-name=\"surface\"><input class=\"wpcf7-form-control wpcf7-number wpcf7-validates-as-number\" aria-invalid=\"false\" placeholder=\"Desired area (m\u00b2)*\" value=\"\" type=\"number\" name=\"surface\" \/><\/span> <\/label>\n\t<\/p>\n<\/div>\n<p><label> Message <span class=\"wpcf7-form-control-wrap\" data-name=\"message\"><textarea cols=\"40\" rows=\"10\" maxlength=\"2000\" class=\"wpcf7-form-control wpcf7-textarea\" aria-invalid=\"false\" name=\"message\"><\/textarea><\/span> <\/label><br \/>\n<span class=\"valid_form\"><input class=\"wpcf7-form-control wpcf7-submit has-spinner\" type=\"submit\" value=\"Send\" \/><\/span>\n<\/p><div class=\"wpcf7-response-output\" aria-hidden=\"true\"><\/div>\n<\/form>\n<\/div>\n\n                    <\/div>\n                <\/div>\n                <div class=\"footer_right\">\n                    <p><img loading=\"lazy\" decoding=\"async\" class=\"alignnone wp-image-81\" role=\"img\" src=\"http:\/\/octagon.swiss\/wp-content\/uploads\/2022\/12\/logo-octagon-white.svg\" alt=\"\" width=\"550\" height=\"219\" \/><\/p>\n<p>&nbsp;<\/p>\n<p><img loading=\"lazy\" decoding=\"async\" class=\"alignnone size-medium wp-image-82\" role=\"img\" src=\"http:\/\/octagon.swiss\/wp-content\/uploads\/2022\/12\/logo-barnes.svg\" alt=\"\" width=\"300\" height=\"300\" \/><\/p>\n<p>&nbsp;<\/p>\n<p><img loading=\"lazy\" decoding=\"async\" class=\"alignnone wp-image-832 size-medium\" role=\"img\" src=\"https:\/\/octagon.swiss\/wp-content\/uploads\/2023\/08\/Melcarne_logo_Asset-3.svg\" alt=\"\" width=\"300\" height=\"300\" \/><\/p>\n<p>&nbsp;<\/p>\n<h3 style=\"text-align: right;\">Commercial agents<\/h3>\n<p style=\"text-align: right;\"><strong>Melcarne<\/strong><br \/>\nManon Loyacono<br \/>\n+ 41 78 213 83 49<br \/>\n+41 22 797 17 37<br \/>\n<a href=\"mailto:mlo@melcarne.ch\">mlo@melcarne.ch<\/a><\/p>\n<p style=\"text-align: right;\"><strong>Barnes Commercial<br \/>\n<\/strong>Lola Dominguez<br \/>\n+41 79 838 18 91<br \/>\n+41 22 979 34 14<br \/>\n<a href=\"mailto:lola.dominguez@barnes-commercial.com\">lola.dominguez@barnes-commercial.com<\/a><\/p>\n                <\/div>\n            <\/div>\n        <\/div>\n    <\/div>\n\n<\/div>","protected":false},"excerpt":{"rendered":"","protected":false},"author":1,"featured_media":0,"parent":0,"menu_order":0,"comment_status":"closed","ping_status":"closed","template":"","meta":{"_acf_changed":false,"footnotes":""},"class_list":["post-574","page","type-page","status-publish","hentry"],"acf":[],"yoast_head":"<!-- This site is optimized with the Yoast SEO plugin v27.4 - https:\/\/yoast.com\/product\/yoast-seo-wordpress\/ -->\n<title>Services - Octagon<\/title>\n<meta name=\"description\" content=\"Tous les services n\u00e9cessaires sont \u00e0 disposition: parking, r\u00e9ception, auditorium, restaurant, fitness, data centre et stockage.\" \/>\n<meta name=\"robots\" content=\"index, follow, max-snippet:-1, max-image-preview:large, max-video-preview:-1\" \/>\n<link rel=\"canonical\" href=\"https:\/\/octagon.swiss\/en\/services\/\" \/>\n<meta property=\"og:locale\" content=\"en_US\" \/>\n<meta property=\"og:type\" content=\"article\" \/>\n<meta property=\"og:title\" content=\"Services - Octagon\" \/>\n<meta property=\"og:description\" content=\"Tous les services n\u00e9cessaires sont \u00e0 disposition: parking, r\u00e9ception, auditorium, restaurant, fitness, data centre et stockage.\" \/>\n<meta property=\"og:url\" content=\"https:\/\/octagon.swiss\/en\/services\/\" \/>\n<meta property=\"og:site_name\" content=\"Octagon\" \/>\n<meta property=\"article:modified_time\" content=\"2023-01-13T15:13:24+00:00\" \/>\n<meta name=\"twitter:card\" content=\"summary_large_image\" \/>\n<script type=\"application\/ld+json\" class=\"yoast-schema-graph\">{\"@context\":\"https:\\\/\\\/schema.org\",\"@graph\":[{\"@type\":\"WebPage\",\"@id\":\"https:\\\/\\\/octagon.swiss\\\/en\\\/services\\\/\",\"url\":\"https:\\\/\\\/octagon.swiss\\\/en\\\/services\\\/\",\"name\":\"Services - Octagon\",\"isPartOf\":{\"@id\":\"https:\\\/\\\/octagon.swiss\\\/en\\\/#website\"},\"datePublished\":\"2022-12-12T16:03:46+00:00\",\"dateModified\":\"2023-01-13T15:13:24+00:00\",\"description\":\"Tous les services n\u00e9cessaires sont \u00e0 disposition: parking, r\u00e9ception, auditorium, restaurant, fitness, data centre et stockage.\",\"breadcrumb\":{\"@id\":\"https:\\\/\\\/octagon.swiss\\\/en\\\/services\\\/#breadcrumb\"},\"inLanguage\":\"en-US\",\"potentialAction\":[{\"@type\":\"ReadAction\",\"target\":[\"https:\\\/\\\/octagon.swiss\\\/en\\\/services\\\/\"]}]},{\"@type\":\"BreadcrumbList\",\"@id\":\"https:\\\/\\\/octagon.swiss\\\/en\\\/services\\\/#breadcrumb\",\"itemListElement\":[{\"@type\":\"ListItem\",\"position\":1,\"name\":\"Home\",\"item\":\"https:\\\/\\\/octagon.swiss\\\/en\\\/\"},{\"@type\":\"ListItem\",\"position\":2,\"name\":\"Services\"}]},{\"@type\":\"WebSite\",\"@id\":\"https:\\\/\\\/octagon.swiss\\\/en\\\/#website\",\"url\":\"https:\\\/\\\/octagon.swiss\\\/en\\\/\",\"name\":\"Octagon\",\"description\":\"\",\"potentialAction\":[{\"@type\":\"SearchAction\",\"target\":{\"@type\":\"EntryPoint\",\"urlTemplate\":\"https:\\\/\\\/octagon.swiss\\\/en\\\/?s={search_term_string}\"},\"query-input\":{\"@type\":\"PropertyValueSpecification\",\"valueRequired\":true,\"valueName\":\"search_term_string\"}}],\"inLanguage\":\"en-US\"}]}<\/script>\n<!-- \/ Yoast SEO plugin. -->","yoast_head_json":{"title":"Services - Octagon","description":"Tous les services n\u00e9cessaires sont \u00e0 disposition: parking, r\u00e9ception, auditorium, restaurant, fitness, data centre et stockage.","robots":{"index":"index","follow":"follow","max-snippet":"max-snippet:-1","max-image-preview":"max-image-preview:large","max-video-preview":"max-video-preview:-1"},"canonical":"https:\/\/octagon.swiss\/en\/services\/","og_locale":"en_US","og_type":"article","og_title":"Services - Octagon","og_description":"Tous les services n\u00e9cessaires sont \u00e0 disposition: parking, r\u00e9ception, auditorium, restaurant, fitness, data centre et stockage.","og_url":"https:\/\/octagon.swiss\/en\/services\/","og_site_name":"Octagon","article_modified_time":"2023-01-13T15:13:24+00:00","twitter_card":"summary_large_image","schema":{"@context":"https:\/\/schema.org","@graph":[{"@type":"WebPage","@id":"https:\/\/octagon.swiss\/en\/services\/","url":"https:\/\/octagon.swiss\/en\/services\/","name":"Services - Octagon","isPartOf":{"@id":"https:\/\/octagon.swiss\/en\/#website"},"datePublished":"2022-12-12T16:03:46+00:00","dateModified":"2023-01-13T15:13:24+00:00","description":"Tous les services n\u00e9cessaires sont \u00e0 disposition: parking, r\u00e9ception, auditorium, restaurant, fitness, data centre et stockage.","breadcrumb":{"@id":"https:\/\/octagon.swiss\/en\/services\/#breadcrumb"},"inLanguage":"en-US","potentialAction":[{"@type":"ReadAction","target":["https:\/\/octagon.swiss\/en\/services\/"]}]},{"@type":"BreadcrumbList","@id":"https:\/\/octagon.swiss\/en\/services\/#breadcrumb","itemListElement":[{"@type":"ListItem","position":1,"name":"Home","item":"https:\/\/octagon.swiss\/en\/"},{"@type":"ListItem","position":2,"name":"Services"}]},{"@type":"WebSite","@id":"https:\/\/octagon.swiss\/en\/#website","url":"https:\/\/octagon.swiss\/en\/","name":"Octagon","description":"","potentialAction":[{"@type":"SearchAction","target":{"@type":"EntryPoint","urlTemplate":"https:\/\/octagon.swiss\/en\/?s={search_term_string}"},"query-input":{"@type":"PropertyValueSpecification","valueRequired":true,"valueName":"search_term_string"}}],"inLanguage":"en-US"}]}},"_links":{"self":[{"href":"https:\/\/octagon.swiss\/en\/wp-json\/wp\/v2\/pages\/574","targetHints":{"allow":["GET"]}}],"collection":[{"href":"https:\/\/octagon.swiss\/en\/wp-json\/wp\/v2\/pages"}],"about":[{"href":"https:\/\/octagon.swiss\/en\/wp-json\/wp\/v2\/types\/page"}],"author":[{"embeddable":true,"href":"https:\/\/octagon.swiss\/en\/wp-json\/wp\/v2\/users\/1"}],"replies":[{"embeddable":true,"href":"https:\/\/octagon.swiss\/en\/wp-json\/wp\/v2\/comments?post=574"}],"version-history":[{"count":4,"href":"https:\/\/octagon.swiss\/en\/wp-json\/wp\/v2\/pages\/574\/revisions"}],"predecessor-version":[{"id":602,"href":"https:\/\/octagon.swiss\/en\/wp-json\/wp\/v2\/pages\/574\/revisions\/602"}],"wp:attachment":[{"href":"https:\/\/octagon.swiss\/en\/wp-json\/wp\/v2\/media?parent=574"}],"curies":[{"name":"wp","href":"https:\/\/api.w.org\/{rel}","templated":true}]}}