{"id":582,"date":"2022-12-14T09:16:25","date_gmt":"2022-12-14T08:16:25","guid":{"rendered":"https:\/\/octagon.swiss\/situation\/"},"modified":"2024-03-13T11:12:20","modified_gmt":"2024-03-13T10:12:20","slug":"location","status":"publish","type":"page","link":"https:\/\/octagon.swiss\/en\/location\/","title":{"rendered":"Location"},"content":{"rendered":"\n<div id=\"block_ccf5af75ca842e857d62743f02ede87a\"  class=\"container \">\n\n    <div class=\"cols col_text-left\"><div class=\"col_img notalive\"><a href=\"https:\/\/vimeo.com\/786511976\" target=\"_blank\" class=\"col_text-link\"><img loading=\"lazy\" decoding=\"async\" width=\"812\" height=\"1170\" src=\"https:\/\/octagon.swiss\/wp-content\/uploads\/2022\/12\/img4.jpg\" class=\"col_img-large\" alt=\"\" srcset=\"https:\/\/octagon.swiss\/wp-content\/uploads\/2022\/12\/img4.jpg 812w, https:\/\/octagon.swiss\/wp-content\/uploads\/2022\/12\/img4-208x300.jpg 208w, https:\/\/octagon.swiss\/wp-content\/uploads\/2022\/12\/img4-711x1024.jpg 711w, https:\/\/octagon.swiss\/wp-content\/uploads\/2022\/12\/img4-768x1107.jpg 768w\" sizes=\"auto, (max-width: 812px) 100vw, 812px\" \/><img loading=\"lazy\" decoding=\"async\" width=\"768\" height=\"768\" src=\"https:\/\/octagon.swiss\/wp-content\/uploads\/2022\/12\/img4-mob.jpg\" class=\"col_img-small\" alt=\"\" srcset=\"https:\/\/octagon.swiss\/wp-content\/uploads\/2022\/12\/img4-mob.jpg 768w, https:\/\/octagon.swiss\/wp-content\/uploads\/2022\/12\/img4-mob-300x300.jpg 300w, https:\/\/octagon.swiss\/wp-content\/uploads\/2022\/12\/img4-mob-150x150.jpg 150w\" sizes=\"auto, (max-width: 768px) 100vw, 768px\" \/><svg xmlns=\"http:\/\/www.w3.org\/2000\/svg\" viewBox=\"0 0 85.8 85\" class=\"octa_arrow\"><path class=\"cls-1\" d=\"m25.2,0h35l25.7,24.8v35.5l-25.7,24.7H25.2L0,60.3V24.8L25.2,0Z\"\/><g><g><polygon class=\"cls-2\" points=\"59.4 42.7 31.4 26.5 31.4 58.9 59.4 42.7\"\/><\/g><g><polygon class=\"cls-2\" points=\"59.4 42.7 31.4 26.5 31.4 58.9 59.4 42.7\"\/><\/g><\/g><\/svg><\/a><\/div><div class=\"col_text notalive col_text-bluedark\"><h2>Connected to Geneva, Switzerland and the world<\/h2>\n<p>By all means of transport, Octagon has direct access from the international airport, the motorway and the city centre.<\/p>\n<p>Take advantage of the proximity of the airport and Octagon&#8217;s car park to facilitate your business trips abroad. The airport&#8217;s CFF train station also offers train access to all of Switzerland.<\/p>\n<p>From France or the Lake Geneva region, the site is immediately accessible via the A1 motorway and Ferney-Voltaire. The city centre is 15 minutes away by car. On site, 600 indoor and outdoor parking spaces are available.<\/p>\n<p>By bus, there are direct lines from the Cornavin train station and the Place des Nations. From 2024 onwards, the site will also be connected by a new tram line. Cycle paths to the city and Meyrin also offer alternative routes.<\/p>\n<a href=\"https:\/\/vimeo.com\/786511976\" target=\"\" class=\"col_text-link\">See the video <svg xmlns=\"http:\/\/www.w3.org\/2000\/svg\" viewBox=\"0 0 85.8 85\" class=\"octa_arrow\"><path class=\"cls-1\" d=\"m25.2,0h35l25.7,24.8v35.5l-25.7,24.7H25.2L0,60.3V24.8L25.2,0Z\"\/><g><g><line class=\"cls-2\" x1=\"61\" y1=\"42.4\" x2=\"24\" y2=\"42.4\"\/><path class=\"cls-2\" d=\"m45.1,29.1l16.7,13.3-16.7,13.5\"\/><\/g><g><line class=\"cls-2\" x1=\"61\" y1=\"42.4\" x2=\"24\" y2=\"42.4\"\/><path class=\"cls-2\" d=\"m45.1,29.1l16.7,13.3-16.7,13.5\"\/><\/g><\/g><g><g><polygon class=\"cls-2\" points=\"59.4 42.7 31.4 26.5 31.4 58.9 59.4 42.7\"\/><\/g><g><polygon class=\"cls-2\" points=\"59.4 42.7 31.4 26.5 31.4 58.9 59.4 42.7\"\/><\/g><\/g><\/svg><\/a><\/div><\/div>\n<\/div>\n\n\n<div id=\"block_6b5cc8d5044d7d501e7ce52b6eda8980\"  class=\"container container_gallery \">\n\n    \n        <div class=\"gallery\">\n\n            \n                <div class=\"gallery_item-wrapper\">\n                    <div class=\"gallery_item notalive\">\n                        <div class=\"gallery_img\">\n                            <img loading=\"lazy\" decoding=\"async\" width=\"700\" height=\"900\" src=\"https:\/\/octagon.swiss\/wp-content\/uploads\/2023\/01\/Octagon_bmyb_A1_communs_00.jpg\" class=\"gallery_img-pic\" alt=\"\" srcset=\"https:\/\/octagon.swiss\/wp-content\/uploads\/2023\/01\/Octagon_bmyb_A1_communs_00.jpg 700w, https:\/\/octagon.swiss\/wp-content\/uploads\/2023\/01\/Octagon_bmyb_A1_communs_00-233x300.jpg 233w\" sizes=\"auto, (max-width: 700px) 100vw, 700px\" \/>                        <\/div>\n\n                        <div class=\"gallery_content\">\n                                <h3 class=\"gallery_content-title\">\n                                    Parking\n                                    <button class=\"gallery_content-btn\">\n                                        <svg class=\"gallery_content-svg\" xmlns=\"http:\/\/www.w3.org\/2000\/svg\" viewBox=\"0 0 52 52\">\n                                            <polygon class=\"cls-1\" points=\"36.4 1 15.6 1 1 15.6 1 36.4 15.6 51 36.4 51 51 36.4 51 15.6 36.4 1\"\/>\n                                        <\/svg>\n                                    <\/button>\n                                <\/h3>\n                                <div class=\"gallery_content-text\">\n                                    <ul>\n<li>600 places<\/li>\n<li>Indoor spaces<\/li>\n<li>Outdoor spaces<\/li>\n<li>Electric charging stations<\/li>\n<li>Visitor\u2019s car park<\/li>\n<\/ul>\n\n                                <\/div>\n                            <\/div>                    <\/div>\n                <\/div>\n                \n            \n                <div class=\"gallery_item-wrapper\">\n                    <div class=\"gallery_item notalive\">\n                        <div class=\"gallery_img\">\n                            <img loading=\"lazy\" decoding=\"async\" width=\"674\" height=\"858\" src=\"https:\/\/octagon.swiss\/wp-content\/uploads\/2022\/12\/gallery-2a.jpg\" class=\"gallery_img-pic\" alt=\"\" srcset=\"https:\/\/octagon.swiss\/wp-content\/uploads\/2022\/12\/gallery-2a.jpg 674w, https:\/\/octagon.swiss\/wp-content\/uploads\/2022\/12\/gallery-2a-236x300.jpg 236w\" sizes=\"auto, (max-width: 674px) 100vw, 674px\" \/>                        <\/div>\n\n                        <div class=\"gallery_content\">\n                                <h3 class=\"gallery_content-title\">\n                                    Public transport\n                                    <button class=\"gallery_content-btn\">\n                                        <svg class=\"gallery_content-svg\" xmlns=\"http:\/\/www.w3.org\/2000\/svg\" viewBox=\"0 0 52 52\">\n                                            <polygon class=\"cls-1\" points=\"36.4 1 15.6 1 1 15.6 1 36.4 15.6 51 36.4 51 51 36.4 51 15.6 36.4 1\"\/>\n                                        <\/svg>\n                                    <\/button>\n                                <\/h3>\n                                <div class=\"gallery_content-text\">\n                                    <ul>\n<li>TPG stops nearby<\/li>\n<li>Tram from 2024 onwards<\/li>\n<li>Bus (5 &amp; F) access from Cornavin train station and the Place des Nations<\/li>\n<li>CFF airport train station 800m away<\/li>\n<\/ul>\n\n                                <\/div>\n                            <\/div>                    <\/div>\n                <\/div>\n                \n            \n                <div class=\"gallery_item-wrapper\">\n                    <div class=\"gallery_item notalive\">\n                        <div class=\"gallery_img\">\n                            <img loading=\"lazy\" decoding=\"async\" width=\"674\" height=\"858\" src=\"https:\/\/octagon.swiss\/wp-content\/uploads\/2022\/12\/gallery-3a.jpg\" class=\"gallery_img-pic\" alt=\"\" srcset=\"https:\/\/octagon.swiss\/wp-content\/uploads\/2022\/12\/gallery-3a.jpg 674w, https:\/\/octagon.swiss\/wp-content\/uploads\/2022\/12\/gallery-3a-236x300.jpg 236w\" sizes=\"auto, (max-width: 674px) 100vw, 674px\" \/>                        <\/div>\n\n                        <div class=\"gallery_content\">\n                                <h3 class=\"gallery_content-title\">\n                                    Gentle mobility\n                                    <button class=\"gallery_content-btn\">\n                                        <svg class=\"gallery_content-svg\" xmlns=\"http:\/\/www.w3.org\/2000\/svg\" viewBox=\"0 0 52 52\">\n                                            <polygon class=\"cls-1\" points=\"36.4 1 15.6 1 1 15.6 1 36.4 15.6 51 36.4 51 51 36.4 51 15.6 36.4 1\"\/>\n                                        <\/svg>\n                                    <\/button>\n                                <\/h3>\n                                <div class=\"gallery_content-text\">\n                                    <ul>\n<li>Access via bicyle lanes<\/li>\n<li>Bicycle parking on site<\/li>\n<li>Pedestrian access from the airport<\/li>\n<\/ul>\n\n                                <\/div>\n                            <\/div>                    <\/div>\n                <\/div>\n                \n            \n                <div class=\"gallery_item-wrapper\">\n                    <div class=\"gallery_item notalive\">\n                        <div class=\"gallery_img\">\n                            <img loading=\"lazy\" decoding=\"async\" width=\"674\" height=\"858\" src=\"https:\/\/octagon.swiss\/wp-content\/uploads\/2022\/12\/gallery-4a.jpg\" class=\"gallery_img-pic\" alt=\"\" srcset=\"https:\/\/octagon.swiss\/wp-content\/uploads\/2022\/12\/gallery-4a.jpg 674w, https:\/\/octagon.swiss\/wp-content\/uploads\/2022\/12\/gallery-4a-236x300.jpg 236w\" sizes=\"auto, (max-width: 674px) 100vw, 674px\" \/>                        <\/div>\n\n                        <div class=\"gallery_content\">\n                                <h3 class=\"gallery_content-title\">\n                                    Airport\n                                    <button class=\"gallery_content-btn\">\n                                        <svg class=\"gallery_content-svg\" xmlns=\"http:\/\/www.w3.org\/2000\/svg\" viewBox=\"0 0 52 52\">\n                                            <polygon class=\"cls-1\" points=\"36.4 1 15.6 1 1 15.6 1 36.4 15.6 51 36.4 51 51 36.4 51 15.6 36.4 1\"\/>\n                                        <\/svg>\n                                    <\/button>\n                                <\/h3>\n                                <div class=\"gallery_content-text\">\n                                    <ul>\n<li>15mn walk away<\/li>\n<li>Over 100 000 flights per year<\/li>\n<li>Area for private jets<\/li>\n<li>Cargo services<\/li>\n<\/ul>\n\n                                <\/div>\n                            <\/div>                    <\/div>\n                <\/div>\n                \n                        \n        <\/div>\n\n    \n<\/div>\n\n\n<div class=\"wp-block-columns is-layout-flex wp-container-core-columns-is-layout-9d6595d7 wp-block-columns-is-layout-flex\">\n<div class=\"wp-block-column block_plan notalive is-layout-flow wp-block-column-is-layout-flow\">\n<figure class=\"wp-block-image size-large\"><a href=\"https:\/\/octagon.swiss\/wp-content\/uploads\/2024\/03\/240313_Plan_Situation_Octagon_v4_Fr_Eng-copy-04-1.png\" target=\"_blank\" rel=\"noreferrer noopener\"><img loading=\"lazy\" decoding=\"async\" width=\"1024\" height=\"807\" src=\"https:\/\/octagon.swiss\/wp-content\/uploads\/2024\/03\/240313_Plan_Situation_Octagon_v4_Fr_Eng-copy-04-1-1024x807.png\" alt=\"\" class=\"wp-image-992\" srcset=\"https:\/\/octagon.swiss\/wp-content\/uploads\/2024\/03\/240313_Plan_Situation_Octagon_v4_Fr_Eng-copy-04-1-1024x807.png 1024w, https:\/\/octagon.swiss\/wp-content\/uploads\/2024\/03\/240313_Plan_Situation_Octagon_v4_Fr_Eng-copy-04-1-300x236.png 300w, https:\/\/octagon.swiss\/wp-content\/uploads\/2024\/03\/240313_Plan_Situation_Octagon_v4_Fr_Eng-copy-04-1-768x605.png 768w, https:\/\/octagon.swiss\/wp-content\/uploads\/2024\/03\/240313_Plan_Situation_Octagon_v4_Fr_Eng-copy-04-1-1536x1210.png 1536w, https:\/\/octagon.swiss\/wp-content\/uploads\/2024\/03\/240313_Plan_Situation_Octagon_v4_Fr_Eng-copy-04-1-2048x1613.png 2048w\" sizes=\"auto, (max-width: 1024px) 100vw, 1024px\" \/><\/a><\/figure>\n<\/div>\n<\/div>\n\n\n\n\n<div id=\"block_51e1a13e8351f92b74c034e44ac7a630\"  class=\"container_contact \">\n\n    <div class=\"footer_top\">\n        <div class=\"container container_footer\">\n            <div class=\"footer_cols\">\n                <div class=\"footer_left\" id=\"contact\">\n                    <h2>Contact<\/h2>\n                    \n                    <div class=\"contact-form\">\n                        \n<div class=\"wpcf7 no-js\" id=\"wpcf7-f610-o1\" lang=\"en-US\" dir=\"ltr\" data-wpcf7-id=\"610\">\n<div class=\"screen-reader-response\"><p role=\"status\" aria-live=\"polite\" aria-atomic=\"true\"><\/p> <ul><\/ul><\/div>\n<form action=\"\/en\/wp-json\/wp\/v2\/pages\/582#wpcf7-f610-o1\" method=\"post\" class=\"wpcf7-form init\" aria-label=\"Contact form\" novalidate=\"novalidate\" data-status=\"init\">\n<fieldset class=\"hidden-fields-container\"><input type=\"hidden\" name=\"_wpcf7\" value=\"610\" \/><input type=\"hidden\" name=\"_wpcf7_version\" value=\"6.1.5\" \/><input type=\"hidden\" name=\"_wpcf7_locale\" value=\"en_US\" \/><input type=\"hidden\" name=\"_wpcf7_unit_tag\" value=\"wpcf7-f610-o1\" \/><input type=\"hidden\" name=\"_wpcf7_container_post\" value=\"0\" \/><input type=\"hidden\" name=\"_wpcf7_posted_data_hash\" value=\"\" \/><input type=\"hidden\" name=\"_wpcf7_recaptcha_response\" value=\"\" \/>\n<\/fieldset>\n<p><span class=\"wpcf7-form-control-wrap\" data-name=\"sexe\"><span class=\"wpcf7-form-control wpcf7-radio\"><span class=\"wpcf7-list-item first\"><label><input type=\"radio\" name=\"sexe\" value=\"Mrs.\" checked=\"checked\" \/><span class=\"wpcf7-list-item-label\">Mrs.<\/span><\/label><\/span><span class=\"wpcf7-list-item last\"><label><input type=\"radio\" name=\"sexe\" value=\"Mr.\" \/><span class=\"wpcf7-list-item-label\">Mr.<\/span><\/label><\/span><\/span><\/span>\n<\/p>\n<div class=\"form-fields\">\n\t<p><label><span class=\"wpcf7-form-control-wrap\" data-name=\"nom\"><input size=\"40\" maxlength=\"400\" class=\"wpcf7-form-control wpcf7-text wpcf7-validates-as-required\" aria-required=\"true\" aria-invalid=\"false\" placeholder=\"Last name*\" value=\"\" type=\"text\" name=\"nom\" \/><\/span> <\/label><label><span class=\"wpcf7-form-control-wrap\" data-name=\"prenom\"><input size=\"40\" maxlength=\"400\" class=\"wpcf7-form-control wpcf7-text wpcf7-validates-as-required\" aria-required=\"true\" aria-invalid=\"false\" placeholder=\"First name*\" value=\"\" type=\"text\" name=\"prenom\" \/><\/span> <\/label><label><span class=\"wpcf7-form-control-wrap\" data-name=\"email\"><input size=\"40\" maxlength=\"400\" class=\"wpcf7-form-control wpcf7-email wpcf7-validates-as-required wpcf7-text wpcf7-validates-as-email\" aria-required=\"true\" aria-invalid=\"false\" placeholder=\"Email*\" value=\"\" type=\"email\" name=\"email\" \/><\/span> <\/label><label><span class=\"wpcf7-form-control-wrap\" data-name=\"tel-729\"><input size=\"40\" maxlength=\"400\" class=\"wpcf7-form-control wpcf7-tel wpcf7-text wpcf7-validates-as-tel\" aria-invalid=\"false\" placeholder=\"Phone*\" value=\"\" type=\"tel\" name=\"tel-729\" \/><\/span> <\/label><label><span class=\"wpcf7-form-control-wrap\" data-name=\"societe\"><input size=\"40\" maxlength=\"400\" class=\"wpcf7-form-control wpcf7-text wpcf7-validates-as-required\" aria-required=\"true\" aria-invalid=\"false\" placeholder=\"Company*\" value=\"\" type=\"text\" name=\"societe\" \/><\/span> <\/label><label><span class=\"wpcf7-form-control-wrap\" data-name=\"surface\"><input class=\"wpcf7-form-control wpcf7-number wpcf7-validates-as-number\" aria-invalid=\"false\" placeholder=\"Desired area (m\u00b2)*\" value=\"\" type=\"number\" name=\"surface\" \/><\/span> <\/label>\n\t<\/p>\n<\/div>\n<p><label> Message <span class=\"wpcf7-form-control-wrap\" data-name=\"message\"><textarea cols=\"40\" rows=\"10\" maxlength=\"2000\" class=\"wpcf7-form-control wpcf7-textarea\" aria-invalid=\"false\" name=\"message\"><\/textarea><\/span> <\/label><br \/>\n<span class=\"valid_form\"><input class=\"wpcf7-form-control wpcf7-submit has-spinner\" type=\"submit\" value=\"Send\" \/><\/span>\n<\/p><div class=\"wpcf7-response-output\" aria-hidden=\"true\"><\/div>\n<\/form>\n<\/div>\n\n                    <\/div>\n                <\/div>\n                <div class=\"footer_right\">\n                    <p><img loading=\"lazy\" decoding=\"async\" class=\"alignnone wp-image-81\" role=\"img\" src=\"http:\/\/octagon.swiss\/wp-content\/uploads\/2022\/12\/logo-octagon-white.svg\" alt=\"\" width=\"550\" height=\"219\" \/><\/p>\n<p>&nbsp;<\/p>\n<p><img loading=\"lazy\" decoding=\"async\" class=\"alignnone size-medium wp-image-82\" role=\"img\" src=\"http:\/\/octagon.swiss\/wp-content\/uploads\/2022\/12\/logo-barnes.svg\" alt=\"\" width=\"300\" height=\"300\" \/><\/p>\n<p>&nbsp;<\/p>\n<p><img loading=\"lazy\" decoding=\"async\" class=\"alignnone wp-image-832 size-medium\" role=\"img\" src=\"https:\/\/octagon.swiss\/wp-content\/uploads\/2023\/08\/Melcarne_logo_Asset-3.svg\" alt=\"\" width=\"300\" height=\"300\" \/><\/p>\n<p>&nbsp;<\/p>\n<h3 style=\"text-align: right;\">Commercial agents<\/h3>\n<p style=\"text-align: right;\"><strong>Melcarne<\/strong><br \/>\nManon Loyacono<br \/>\n+ 41 78 213 83 49<br \/>\n+41 22 797 17 37<br \/>\n<a href=\"mailto:mlo@melcarne.ch\">mlo@melcarne.ch<\/a><\/p>\n<p style=\"text-align: right;\"><strong>Barnes Commercial<br \/>\n<\/strong>Lola Dominguez<br \/>\n+41 79 838 18 91<br \/>\n+41 22 979 34 14<br \/>\n<a href=\"mailto:lola.dominguez@barnes-commercial.com\">lola.dominguez@barnes-commercial.com<\/a><\/p>\n                <\/div>\n            <\/div>\n        <\/div>\n    <\/div>\n\n<\/div>","protected":false},"excerpt":{"rendered":"","protected":false},"author":1,"featured_media":0,"parent":0,"menu_order":0,"comment_status":"closed","ping_status":"closed","template":"","meta":{"_acf_changed":false,"footnotes":""},"class_list":["post-582","page","type-page","status-publish","hentry"],"acf":[],"yoast_head":"<!-- This site is optimized with the Yoast SEO plugin v27.5 - https:\/\/yoast.com\/product\/yoast-seo-wordpress\/ -->\n<title>Octagon - Location<\/title>\n<meta name=\"description\" content=\"Au coeur de la Gen\u00e8ve internationale, Octagon est id\u00e9alement situ\u00e9 au Grand Saconnex, \u00e0 deux pas de l&#039;autoroute A1 et de l&#039;a\u00e9roport.\" \/>\n<meta name=\"robots\" content=\"index, follow, max-snippet:-1, max-image-preview:large, max-video-preview:-1\" \/>\n<link rel=\"canonical\" href=\"https:\/\/octagon.swiss\/en\/location\/\" \/>\n<meta property=\"og:locale\" content=\"en_US\" \/>\n<meta property=\"og:type\" content=\"article\" \/>\n<meta property=\"og:title\" content=\"Octagon - Location\" \/>\n<meta property=\"og:description\" content=\"Au coeur de la Gen\u00e8ve internationale, Octagon est id\u00e9alement situ\u00e9 au Grand Saconnex, \u00e0 deux pas de l&#039;autoroute A1 et de l&#039;a\u00e9roport.\" \/>\n<meta property=\"og:url\" content=\"https:\/\/octagon.swiss\/en\/location\/\" \/>\n<meta property=\"og:site_name\" content=\"Octagon\" \/>\n<meta property=\"article:modified_time\" content=\"2024-03-13T10:12:20+00:00\" \/>\n<meta property=\"og:image\" content=\"https:\/\/octagon.swiss\/wp-content\/uploads\/2024\/03\/240313_Plan_Situation_Octagon_v4_Fr_Eng-copy-04-1-1024x807.png\" \/>\n<meta name=\"twitter:card\" content=\"summary_large_image\" \/>\n<meta name=\"twitter:label1\" content=\"Est. reading time\" \/>\n\t<meta name=\"twitter:data1\" content=\"1 minute\" \/>\n<script type=\"application\/ld+json\" class=\"yoast-schema-graph\">{\"@context\":\"https:\\\/\\\/schema.org\",\"@graph\":[{\"@type\":\"WebPage\",\"@id\":\"https:\\\/\\\/octagon.swiss\\\/en\\\/location\\\/\",\"url\":\"https:\\\/\\\/octagon.swiss\\\/en\\\/location\\\/\",\"name\":\"Octagon - Location\",\"isPartOf\":{\"@id\":\"https:\\\/\\\/octagon.swiss\\\/en\\\/#website\"},\"primaryImageOfPage\":{\"@id\":\"https:\\\/\\\/octagon.swiss\\\/en\\\/location\\\/#primaryimage\"},\"image\":{\"@id\":\"https:\\\/\\\/octagon.swiss\\\/en\\\/location\\\/#primaryimage\"},\"thumbnailUrl\":\"https:\\\/\\\/octagon.swiss\\\/wp-content\\\/uploads\\\/2024\\\/03\\\/240313_Plan_Situation_Octagon_v4_Fr_Eng-copy-04-1-1024x807.png\",\"datePublished\":\"2022-12-14T08:16:25+00:00\",\"dateModified\":\"2024-03-13T10:12:20+00:00\",\"description\":\"Au coeur de la Gen\u00e8ve internationale, Octagon est id\u00e9alement situ\u00e9 au Grand Saconnex, \u00e0 deux pas de l'autoroute A1 et de l'a\u00e9roport.\",\"breadcrumb\":{\"@id\":\"https:\\\/\\\/octagon.swiss\\\/en\\\/location\\\/#breadcrumb\"},\"inLanguage\":\"en-US\",\"potentialAction\":[{\"@type\":\"ReadAction\",\"target\":[\"https:\\\/\\\/octagon.swiss\\\/en\\\/location\\\/\"]}]},{\"@type\":\"ImageObject\",\"inLanguage\":\"en-US\",\"@id\":\"https:\\\/\\\/octagon.swiss\\\/en\\\/location\\\/#primaryimage\",\"url\":\"https:\\\/\\\/octagon.swiss\\\/wp-content\\\/uploads\\\/2024\\\/03\\\/240313_Plan_Situation_Octagon_v4_Fr_Eng-copy-04-1-1024x807.png\",\"contentUrl\":\"https:\\\/\\\/octagon.swiss\\\/wp-content\\\/uploads\\\/2024\\\/03\\\/240313_Plan_Situation_Octagon_v4_Fr_Eng-copy-04-1-1024x807.png\"},{\"@type\":\"BreadcrumbList\",\"@id\":\"https:\\\/\\\/octagon.swiss\\\/en\\\/location\\\/#breadcrumb\",\"itemListElement\":[{\"@type\":\"ListItem\",\"position\":1,\"name\":\"Home\",\"item\":\"https:\\\/\\\/octagon.swiss\\\/en\\\/\"},{\"@type\":\"ListItem\",\"position\":2,\"name\":\"Location\"}]},{\"@type\":\"WebSite\",\"@id\":\"https:\\\/\\\/octagon.swiss\\\/en\\\/#website\",\"url\":\"https:\\\/\\\/octagon.swiss\\\/en\\\/\",\"name\":\"Octagon\",\"description\":\"\",\"potentialAction\":[{\"@type\":\"SearchAction\",\"target\":{\"@type\":\"EntryPoint\",\"urlTemplate\":\"https:\\\/\\\/octagon.swiss\\\/en\\\/?s={search_term_string}\"},\"query-input\":{\"@type\":\"PropertyValueSpecification\",\"valueRequired\":true,\"valueName\":\"search_term_string\"}}],\"inLanguage\":\"en-US\"}]}<\/script>\n<!-- \/ Yoast SEO plugin. -->","yoast_head_json":{"title":"Octagon - Location","description":"Au coeur de la Gen\u00e8ve internationale, Octagon est id\u00e9alement situ\u00e9 au Grand Saconnex, \u00e0 deux pas de l'autoroute A1 et de l'a\u00e9roport.","robots":{"index":"index","follow":"follow","max-snippet":"max-snippet:-1","max-image-preview":"max-image-preview:large","max-video-preview":"max-video-preview:-1"},"canonical":"https:\/\/octagon.swiss\/en\/location\/","og_locale":"en_US","og_type":"article","og_title":"Octagon - Location","og_description":"Au coeur de la Gen\u00e8ve internationale, Octagon est id\u00e9alement situ\u00e9 au Grand Saconnex, \u00e0 deux pas de l'autoroute A1 et de l'a\u00e9roport.","og_url":"https:\/\/octagon.swiss\/en\/location\/","og_site_name":"Octagon","article_modified_time":"2024-03-13T10:12:20+00:00","og_image":[{"url":"https:\/\/octagon.swiss\/wp-content\/uploads\/2024\/03\/240313_Plan_Situation_Octagon_v4_Fr_Eng-copy-04-1-1024x807.png","type":"","width":"","height":""}],"twitter_card":"summary_large_image","twitter_misc":{"Est. reading time":"1 minute"},"schema":{"@context":"https:\/\/schema.org","@graph":[{"@type":"WebPage","@id":"https:\/\/octagon.swiss\/en\/location\/","url":"https:\/\/octagon.swiss\/en\/location\/","name":"Octagon - Location","isPartOf":{"@id":"https:\/\/octagon.swiss\/en\/#website"},"primaryImageOfPage":{"@id":"https:\/\/octagon.swiss\/en\/location\/#primaryimage"},"image":{"@id":"https:\/\/octagon.swiss\/en\/location\/#primaryimage"},"thumbnailUrl":"https:\/\/octagon.swiss\/wp-content\/uploads\/2024\/03\/240313_Plan_Situation_Octagon_v4_Fr_Eng-copy-04-1-1024x807.png","datePublished":"2022-12-14T08:16:25+00:00","dateModified":"2024-03-13T10:12:20+00:00","description":"Au coeur de la Gen\u00e8ve internationale, Octagon est id\u00e9alement situ\u00e9 au Grand Saconnex, \u00e0 deux pas de l'autoroute A1 et de l'a\u00e9roport.","breadcrumb":{"@id":"https:\/\/octagon.swiss\/en\/location\/#breadcrumb"},"inLanguage":"en-US","potentialAction":[{"@type":"ReadAction","target":["https:\/\/octagon.swiss\/en\/location\/"]}]},{"@type":"ImageObject","inLanguage":"en-US","@id":"https:\/\/octagon.swiss\/en\/location\/#primaryimage","url":"https:\/\/octagon.swiss\/wp-content\/uploads\/2024\/03\/240313_Plan_Situation_Octagon_v4_Fr_Eng-copy-04-1-1024x807.png","contentUrl":"https:\/\/octagon.swiss\/wp-content\/uploads\/2024\/03\/240313_Plan_Situation_Octagon_v4_Fr_Eng-copy-04-1-1024x807.png"},{"@type":"BreadcrumbList","@id":"https:\/\/octagon.swiss\/en\/location\/#breadcrumb","itemListElement":[{"@type":"ListItem","position":1,"name":"Home","item":"https:\/\/octagon.swiss\/en\/"},{"@type":"ListItem","position":2,"name":"Location"}]},{"@type":"WebSite","@id":"https:\/\/octagon.swiss\/en\/#website","url":"https:\/\/octagon.swiss\/en\/","name":"Octagon","description":"","potentialAction":[{"@type":"SearchAction","target":{"@type":"EntryPoint","urlTemplate":"https:\/\/octagon.swiss\/en\/?s={search_term_string}"},"query-input":{"@type":"PropertyValueSpecification","valueRequired":true,"valueName":"search_term_string"}}],"inLanguage":"en-US"}]}},"_links":{"self":[{"href":"https:\/\/octagon.swiss\/en\/wp-json\/wp\/v2\/pages\/582","targetHints":{"allow":["GET"]}}],"collection":[{"href":"https:\/\/octagon.swiss\/en\/wp-json\/wp\/v2\/pages"}],"about":[{"href":"https:\/\/octagon.swiss\/en\/wp-json\/wp\/v2\/types\/page"}],"author":[{"embeddable":true,"href":"https:\/\/octagon.swiss\/en\/wp-json\/wp\/v2\/users\/1"}],"replies":[{"embeddable":true,"href":"https:\/\/octagon.swiss\/en\/wp-json\/wp\/v2\/comments?post=582"}],"version-history":[{"count":11,"href":"https:\/\/octagon.swiss\/en\/wp-json\/wp\/v2\/pages\/582\/revisions"}],"predecessor-version":[{"id":994,"href":"https:\/\/octagon.swiss\/en\/wp-json\/wp\/v2\/pages\/582\/revisions\/994"}],"wp:attachment":[{"href":"https:\/\/octagon.swiss\/en\/wp-json\/wp\/v2\/media?parent=582"}],"curies":[{"name":"wp","href":"https:\/\/api.w.org\/{rel}","templated":true}]}}